{"id":36,"date":"2025-06-29T16:14:55","date_gmt":"2025-06-29T16:14:55","guid":{"rendered":"https:\/\/maintenir.davidweb.pro\/?page_id=36"},"modified":"2025-07-22T14:00:24","modified_gmt":"2025-07-22T14:00:24","slug":"about","status":"publish","type":"page","link":"https:\/\/maintenir.davidweb.pro\/fr\/about\/","title":{"rendered":"A propos de"},"content":{"rendered":"<div class=\"wp-block-uagb-container uagb-block-81450f7d alignfull uagb-is-root-container\"><div class=\"uagb-container-inner-blocks-wrap\">\n<div class=\"wp-block-uagb-advanced-heading uagb-block-5d286853\"><h1 class=\"uagb-heading-text\">La voie vers une v\u00e9ritable excellence op\u00e9rationnelle.<\/h1><\/div>\n<\/div><\/div>\n\n\n\n<div class=\"wp-block-uagb-container uagb-block-7dd95baa alignfull uagb-is-root-container\"><div class=\"uagb-container-inner-blocks-wrap\">\n<div class=\"wp-block-uagb-info-box uagb-block-4044fa14 uagb-infobox__content-wrap  uagb-infobox-icon-above-title uagb-infobox-image-valign-top\"><div class=\"uagb-ifb-content\"><div class=\"uagb-ifb-title-wrap\"><div class=\"uagb-ifb-separator\"><\/div><h2 class=\"uagb-ifb-title\">Le probl\u00e8me que nous r\u00e9solvons<\/h2><\/div><p class=\"uagb-ifb-desc\">De nombreux dirigeants investissent dans des logiciels dans l'espoir de r\u00e9soudre des probl\u00e8mes op\u00e9rationnels, mais ils sont frustr\u00e9s par le faible taux d'adoption et les r\u00e9sultats m\u00e9diocres. En r\u00e9alit\u00e9, ce ne sont pas les logiciels qui r\u00e9solvent les probl\u00e8mes, mais les personnes habilit\u00e9es.<\/p><\/div><\/div>\n\n\n\n<div class=\"wp-block-uagb-container uagb-block-d2c70b8c\">\n<div class=\"wp-block-uagb-container uagb-block-c20d7ec1\">\n<div class=\"wp-block-uagb-advanced-heading uagb-block-2d82d44a\"><p class=\"uagb-heading-text\">Cette exp\u00e9rience nous a appris quelque chose de crucial : une transformation op\u00e9rationnelle r\u00e9ussie exige plus que de bons conseils - elle n\u00e9cessite une mise en \u0153uvre pratique, des cadres \u00e9prouv\u00e9s et une compr\u00e9hension approfondie du fonctionnement r\u00e9el des diverses activit\u00e9s de l'entreprise.<\/p><\/div>\n\n\n\n<div class=\"wp-block-uagb-image uagb-block-41d1de34 wp-block-uagb-image--layout-default wp-block-uagb-image--effect-static wp-block-uagb-image--align-none\"><figure class=\"wp-block-uagb-image__figure\"><img decoding=\"async\" srcset=\"https:\/\/maintenir.davidweb.pro\/wp-content\/uploads\/2025\/06\/tecnic-bioprocess-solutions-Ss8-3Wyv02c-unsplash-1024x683.jpg ,https:\/\/maintenir.davidweb.pro\/wp-content\/uploads\/2025\/06\/tecnic-bioprocess-solutions-Ss8-3Wyv02c-unsplash-scaled.jpg 780w, https:\/\/maintenir.davidweb.pro\/wp-content\/uploads\/2025\/06\/tecnic-bioprocess-solutions-Ss8-3Wyv02c-unsplash-scaled.jpg 360w\" sizes=\"auto, (max-width: 480px) 150px\" src=\"https:\/\/maintenir.davidweb.pro\/wp-content\/uploads\/2025\/06\/tecnic-bioprocess-solutions-Ss8-3Wyv02c-unsplash-1024x683.jpg\" alt=\"\" class=\"uag-image-1037\" width=\"544\" height=\"400\" title=\"tecnic-bioprocess-solutions-Ss8-3Wyv02c-unsplash\" loading=\"lazy\" role=\"img\"\/><\/figure><\/div>\n<\/div>\n\n\n\n<div class=\"wp-block-uagb-container uagb-block-ab185292\">\n<div class=\"wp-block-uagb-image uagb-block-de69af90 wp-block-uagb-image--layout-default wp-block-uagb-image--effect-static wp-block-uagb-image--align-none\"><figure class=\"wp-block-uagb-image__figure\"><img decoding=\"async\" srcset=\"https:\/\/maintenir.davidweb.pro\/wp-content\/uploads\/2025\/06\/tecnic-bioprocess-solutions-K7MOLaw4iV0-unsplash-1024x683.jpg ,https:\/\/maintenir.davidweb.pro\/wp-content\/uploads\/2025\/06\/tecnic-bioprocess-solutions-K7MOLaw4iV0-unsplash-scaled.jpg 780w, https:\/\/maintenir.davidweb.pro\/wp-content\/uploads\/2025\/06\/tecnic-bioprocess-solutions-K7MOLaw4iV0-unsplash-scaled.jpg 360w\" sizes=\"auto, (max-width: 480px) 150px\" src=\"https:\/\/maintenir.davidweb.pro\/wp-content\/uploads\/2025\/06\/tecnic-bioprocess-solutions-K7MOLaw4iV0-unsplash-1024x683.jpg\" alt=\"\" class=\"uag-image-1039\" width=\"600\" height=\"350\" title=\"tecnic-bioprocess-solutions-K7MOLaw4iV0-unsplash\" loading=\"lazy\" role=\"img\"\/><\/figure><\/div>\n\n\n\n<div class=\"wp-block-uagb-container uagb-block-77455bb8\">\n<div class=\"wp-block-uagb-advanced-heading uagb-block-ebf655e9\"><p class=\"uagb-heading-text\">Nous avons appris que le foss\u00e9 entre la th\u00e9orie et la pratique d\u00e9truit la plupart des initiatives d'am\u00e9lioration op\u00e9rationnelle. La v\u00e9ritable transformation se produit lorsque les consultants retroussent leurs manches, travaillent aux c\u00f4t\u00e9s de votre \u00e9quipe et mettent en \u0153uvre des solutions qui fonctionnent r\u00e9ellement dans la r\u00e9alit\u00e9 complexe des environnements professionnels modernes.<\/p><\/div>\n\n\n\n<div class=\"wp-block-uagb-advanced-heading uagb-block-248ffd2a\"><\/div>\n<\/div>\n<\/div>\n<\/div>\n<\/div><\/div>\n\n\n\n<div class=\"wp-block-uagb-container uagb-block-8c5a0a92 alignfull uagb-is-root-container\"><div class=\"uagb-container-inner-blocks-wrap\">\n<div class=\"wp-block-uagb-separator uagb-block-a9e18eff\"><div class=\"wp-block-uagb-separator__inner\" style=\"--my-background-image:\"><\/div><\/div>\n\n\n\n<div class=\"wp-block-uagb-container uagb-block-e81a6e14\">\n<div class=\"wp-block-uagb-info-box uagb-block-e2d43c09 uagb-infobox__content-wrap  uagb-infobox-icon-above-title uagb-infobox-image-valign-top\"><div class=\"uagb-ifb-content\"><div class=\"uagb-ifb-image-content\"><img decoding=\"async\" src=\"https:\/\/maintenir.davidweb.pro\/wp-content\/uploads\/2025\/07\/cropped-favico-150x150-2.png\" alt=\"\" width=\"\" height=\"0\" loading=\"lazy\"\/><\/div><div class=\"uagb-ifb-title-wrap\"><h2 class=\"uagb-ifb-title\">Mike Bedard<br>Fondateur et sp\u00e9cialiste principal des solutions<\/h2><\/div><\/div><\/div>\n\n\n\n<div class=\"wp-block-uagb-icon-list uagb-block-eef52e9f\"><div class=\"uagb-icon-list__wrap\">\n<div class=\"wp-block-uagb-icon-list-child uagb-block-3e692216\"><a target=\"_blank\" aria-label=\"\u00c9l\u00e9ment de la liste\" rel=\"noopener noreferrer\" href=\"https:\/\/www.linkedin.com\/in\/mike-bedard-ba35b329\/\"> <\/a><span class=\"uagb-icon-list__source-wrap\"><svg xmlns=\"https:\/\/www.w3.org\/2000\/svg\" viewbox=\"0 0 448 512\"><path d=\"M100.3 448H7.4V148.9h92.88zM53.79 108.1C24.09 108.1 0 83.5 0 53.8a53.79 53.79 0 0 1 107.6 0c0 29.7-24.1 54.3-53.79 54.3zM447.9 448h-92.68V302.4c0-34.7-.7-79.2-48.29-79.2-48.29 0-55.69 37.7-55.69 76.7V448h-92.78V148.9h89.08v40.8h1.3c12.4-23.5 42.69-48.3 87.88-48.3 94 0 111.3 61.9 111.3 142.3V448z\"><\/path><\/svg><\/span><\/div>\n<\/div><\/div>\n<\/div>\n\n\n\n<div class=\"wp-block-uagb-container uagb-block-74556010\">\n<div class=\"wp-block-uagb-advanced-heading uagb-block-669fe66a\"><p class=\"uagb-heading-text\">Mike est le fondateur et le sp\u00e9cialiste principal des solutions de Maintenir, une soci\u00e9t\u00e9 de conseil strat\u00e9gique qui se consacre \u00e0 la transformation de la mani\u00e8re dont les organisations atteignent l'excellence op\u00e9rationnelle.<br><br>Avec une vision unique \u00e0 360 degr\u00e9s de sa carri\u00e8re, couvrant l'entrepreneuriat, le d\u00e9veloppement de franchises, l'architecture technologique et le conseil en maintenance, Mike a fond\u00e9 Maintenir avec une mission claire : fournir aux organisations un nouveau mod\u00e8le de r\u00e9ussite, fond\u00e9 sur le principe que l'autonomisation des \u00e9quipes de premi\u00e8re ligne est le chemin le plus direct vers une croissance durable et un r\u00e9sultat net plus sain.<br><br>Maintenir s'associe aux dirigeants pour mettre en \u0153uvre des syst\u00e8mes qui favorisent l'appropriation, instaurent la confiance et cr\u00e9ent un engagement significatif. Il croit fermement que la bonne technologie doit \u00eatre au service des gens, et non l'inverse, et il se passionne pour aider ses clients \u00e0 atteindre l'excellence op\u00e9rationnelle. Simplifi\u00e9.<\/p><\/div>\n\n\n\n<div class=\"wp-block-uagb-advanced-heading uagb-block-872b4441\"><\/div>\n<\/div>\n\n\n\n<div class=\"wp-block-uagb-container uagb-block-fcaf0b24\">\n<div class=\"wp-block-uagb-image uagb-block-229e780d wp-block-uagb-image--layout-default wp-block-uagb-image--effect-static wp-block-uagb-image--align-none\"><figure class=\"wp-block-uagb-image__figure\"><img decoding=\"async\" srcset=\"https:\/\/maintenir.davidweb.pro\/wp-content\/uploads\/2025\/06\/1583949013944.jpeg ,https:\/\/maintenir.davidweb.pro\/wp-content\/uploads\/2025\/06\/1583949013944.jpeg 780w, https:\/\/maintenir.davidweb.pro\/wp-content\/uploads\/2025\/06\/1583949013944.jpeg 360w\" sizes=\"auto, (max-width: 480px) 150px\" src=\"https:\/\/maintenir.davidweb.pro\/wp-content\/uploads\/2025\/06\/1583949013944.jpeg\" alt=\"\" class=\"uag-image-1053\" width=\"683\" height=\"1024\" title=\"1583949013944\" loading=\"lazy\" role=\"img\"\/><\/figure><\/div>\n<\/div>\n<\/div><\/div>\n\n\n\n<div class=\"wp-block-uagb-container uagb-block-18b3bf3f alignfull uagb-is-root-container\"><div class=\"uagb-container-inner-blocks-wrap\">\n<div class=\"wp-block-uagb-info-box uagb-block-785d4755 uagb-infobox__content-wrap  uagb-infobox-icon-above-title uagb-infobox-image-valign-top\"><div class=\"uagb-ifb-content\"><div class=\"uagb-ifb-title-wrap\"><div class=\"uagb-ifb-separator\"><\/div><h2 class=\"uagb-ifb-title\">Excellence op\u00e9rationnelle. Simplifi\u00e9e.<\/h2><\/div><p class=\"uagb-ifb-desc\">D\u00e9passez la gestion de crise. Construisez des op\u00e9rations fiables et rentables gr\u00e2ce \u00e0 des solutions de GMAO adapt\u00e9es \u00e0 vos besoins.<br>les entreprises.<\/p><div class=\"uagb-ifb-button-wrapper wp-block-button\"><a href=\"\/fr\/assessment\/\" class=\"uagb-infobox-cta-link wp-block-button__link\" target=\"_self\" rel=\"noopener noreferrer\" onclick=\"return true;\"><span class=\"uagb-inline-editing\">Obtenez votre \u00e9valuation gratuite des op\u00e9rations<\/span><\/a><\/div><\/div><\/div>\n\n\n\n<div class=\"wp-block-uagb-advanced-heading uagb-block-aee98b67\"><div class=\"uagb-heading-text\">OU<\/div><\/div>\n\n\n\n<div class=\"wp-block-uagb-advanced-heading uagb-block-1f534246\"><h3 class=\"uagb-heading-text\">Appeler : <a href=\"http:\/\/tel+15149495787\" title=\"\">514-949-5787<\/a><\/h3><\/div>\n<\/div><\/div>\n\n\n\n<div class=\"wp-block-cover footercta\" style=\"min-height:50px;aspect-ratio:unset;\"><span aria-hidden=\"true\" class=\"wp-block-cover__background has-ast-global-color-0-background-color has-background-dim-100 has-background-dim\"><\/span><div class=\"wp-block-cover__inner-container is-layout-flow wp-block-cover-is-layout-flow\">\n<div class=\"wp-block-group is-content-justification-center is-nowrap is-layout-flex wp-container-core-group-is-layout-23441af8 wp-block-group-is-layout-flex\">\n<h4 class=\"wp-block-heading has-text-align-center has-ast-global-color-5-color has-text-color has-link-color wp-elements-554dc6622a34f09ef76a5cd569b47705\">Ne perdez plus d'argent \u00e0 cause des temps d'arr\u00eat. <a href=\"\/fr\/assessment\/\">Pr\u00eat ?<\/a><\/h4>\n<\/div>\n<\/div><\/div>","protected":false},"excerpt":{"rendered":"<p>The Path to True Operational Excellence. That experience taught us something crucial: successful operational transformation requires more than just good [&hellip;]<\/p>","protected":false},"author":7,"featured_media":0,"parent":0,"menu_order":0,"comment_status":"closed","ping_status":"closed","template":"","meta":{"inline_featured_image":false,"_uag_custom_page_level_css":"","site-sidebar-layout":"default","site-content-layout":"","ast-site-content-layout":"full-width-container","site-content-style":"default","site-sidebar-style":"default","ast-global-header-display":"","ast-banner-title-visibility":"","ast-main-header-display":"","ast-hfb-above-header-display":"","ast-hfb-below-header-display":"","ast-hfb-mobile-header-display":"","site-post-title":"disabled","ast-breadcrumbs-content":"","ast-featured-img":"","footer-sml-layout":"","ast-disable-related-posts":"","theme-transparent-header-meta":"enabled","adv-header-id-meta":"","stick-header-meta":"","header-above-stick-meta":"","header-main-stick-meta":"","header-below-stick-meta":"","astra-migrate-meta-layouts":"","ast-page-background-enabled":"default","ast-page-background-meta":{"desktop":{"background-color":"var(--ast-global-color-4)","background-image":"","background-repeat":"repeat","background-position":"center center","background-size":"auto","background-attachment":"scroll","background-type":"","background-media":"","overlay-type":"","overlay-color":"","overlay-opacity":"","overlay-gradient":""},"tablet":{"background-color":"","background-image":"","background-repeat":"repeat","background-position":"center center","background-size":"auto","background-attachment":"scroll","background-type":"","background-media":"","overlay-type":"","overlay-color":"","overlay-opacity":"","overlay-gradient":""},"mobile":{"background-color":"","background-image":"","background-repeat":"repeat","background-position":"center center","background-size":"auto","background-attachment":"scroll","background-type":"","background-media":"","overlay-type":"","overlay-color":"","overlay-opacity":"","overlay-gradient":""}},"ast-content-background-meta":{"desktop":{"background-color":"var(--ast-global-color-5)","background-image":"","background-repeat":"repeat","background-position":"center center","background-size":"auto","background-attachment":"scroll","background-type":"","background-media":"","overlay-type":"","overlay-color":"","overlay-opacity":"","overlay-gradient":""},"tablet":{"background-color":"var(--ast-global-color-5)","background-image":"","background-repeat":"repeat","background-position":"center center","background-size":"auto","background-attachment":"scroll","background-type":"","background-media":"","overlay-type":"","overlay-color":"","overlay-opacity":"","overlay-gradient":""},"mobile":{"background-color":"var(--ast-global-color-5)","background-image":"","background-repeat":"repeat","background-position":"center center","background-size":"auto","background-attachment":"scroll","background-type":"","background-media":"","overlay-type":"","overlay-color":"","overlay-opacity":"","overlay-gradient":""}},"footnotes":""},"class_list":["post-36","page","type-page","status-publish","hentry"],"aioseo_notices":[],"uagb_featured_image_src":{"full":false,"thumbnail":false,"medium":false,"medium_large":false,"large":false,"1536x1536":false,"2048x2048":false,"trp-custom-language-flag":false},"uagb_author_info":{"display_name":"David Maillard","author_link":"https:\/\/maintenir.davidweb.pro\/fr\/author\/prurxtyadc5e\/"},"uagb_comment_info":0,"uagb_excerpt":"The Path to True Operational Excellence. That experience taught us something crucial: successful operational transformation requires more than just good [&hellip;]","_links":{"self":[{"href":"https:\/\/maintenir.davidweb.pro\/fr\/wp-json\/wp\/v2\/pages\/36","targetHints":{"allow":["GET"]}}],"collection":[{"href":"https:\/\/maintenir.davidweb.pro\/fr\/wp-json\/wp\/v2\/pages"}],"about":[{"href":"https:\/\/maintenir.davidweb.pro\/fr\/wp-json\/wp\/v2\/types\/page"}],"author":[{"embeddable":true,"href":"https:\/\/maintenir.davidweb.pro\/fr\/wp-json\/wp\/v2\/users\/7"}],"replies":[{"embeddable":true,"href":"https:\/\/maintenir.davidweb.pro\/fr\/wp-json\/wp\/v2\/comments?post=36"}],"version-history":[{"count":23,"href":"https:\/\/maintenir.davidweb.pro\/fr\/wp-json\/wp\/v2\/pages\/36\/revisions"}],"predecessor-version":[{"id":1794,"href":"https:\/\/maintenir.davidweb.pro\/fr\/wp-json\/wp\/v2\/pages\/36\/revisions\/1794"}],"wp:attachment":[{"href":"https:\/\/maintenir.davidweb.pro\/fr\/wp-json\/wp\/v2\/media?parent=36"}],"curies":[{"name":"wp","href":"https:\/\/api.w.org\/{rel}","templated":true}]}}